{"id":100,"date":"2025-10-27T08:13:11","date_gmt":"2025-10-27T08:13:11","guid":{"rendered":"https:\/\/boso.estaciondiseno.es\/?page_id=100"},"modified":"2026-01-26T08:01:32","modified_gmt":"2026-01-26T08:01:32","slug":"buah-sani-dei","status":"publish","type":"page","link":"https:\/\/boso.estaciondiseno.es\/index.php\/buah-sani-dei\/","title":{"rendered":"BUAH SANI DEI"},"content":{"rendered":"\t\t<div data-elementor-type=\"wp-page\" data-elementor-id=\"100\" class=\"elementor elementor-100\" data-elementor-post-type=\"page\">\n\t\t\t\t\t\t<section class=\"elementor-section elementor-top-section elementor-element elementor-element-990dba1 elementor-section-boxed elementor-section-height-default elementor-section-height-default\" data-id=\"990dba1\" data-element_type=\"section\">\n\t\t\t\t\t\t<div class=\"elementor-container elementor-column-gap-default\">\n\t\t\t\t\t<div class=\"elementor-column elementor-col-100 elementor-top-column elementor-element elementor-element-b35b0f5\" data-id=\"b35b0f5\" data-element_type=\"column\">\n\t\t\t<div class=\"elementor-widget-wrap elementor-element-populated\">\n\t\t\t\t\t\t<div class=\"elementor-element elementor-element-3bac039 elementor-widget elementor-widget-video\" data-id=\"3bac039\" data-element_type=\"widget\" data-settings=\"{&quot;youtube_url&quot;:&quot;https:\\\/\\\/www.youtube.com\\\/watch?v=UvloPRJ1RPs&amp;t=34s&quot;,&quot;start&quot;:29,&quot;end&quot;:61,&quot;autoplay&quot;:&quot;yes&quot;,&quot;play_on_mobile&quot;:&quot;yes&quot;,&quot;mute&quot;:&quot;yes&quot;,&quot;loop&quot;:&quot;yes&quot;,&quot;video_type&quot;:&quot;youtube&quot;,&quot;controls&quot;:&quot;yes&quot;}\" data-widget_type=\"video.default\">\n\t\t\t\t<div class=\"elementor-widget-container\">\n\t\t\t\t\t\t\t<div class=\"elementor-wrapper elementor-open-inline\">\n\t\t\t<div class=\"elementor-video\"><\/div>\t\t<\/div>\n\t\t\t\t\t\t<\/div>\n\t\t\t\t<\/div>\n\t\t\t\t\t<\/div>\n\t\t<\/div>\n\t\t\t\t\t<\/div>\n\t\t<\/section>\n\t\t\t\t<section class=\"elementor-section elementor-top-section elementor-element elementor-element-32a8781 elementor-section-boxed elementor-section-height-default elementor-section-height-default\" data-id=\"32a8781\" data-element_type=\"section\">\n\t\t\t\t\t\t<div class=\"elementor-container elementor-column-gap-default\">\n\t\t\t\t\t<div class=\"elementor-column elementor-col-100 elementor-top-column elementor-element elementor-element-b4ec037\" data-id=\"b4ec037\" data-element_type=\"column\">\n\t\t\t<div class=\"elementor-widget-wrap elementor-element-populated\">\n\t\t\t\t\t\t<div class=\"elementor-element elementor-element-10ee20e elementor-widget elementor-widget-gallery\" data-id=\"10ee20e\" data-element_type=\"widget\" data-settings=\"{&quot;gap&quot;:{&quot;unit&quot;:&quot;px&quot;,&quot;size&quot;:0,&quot;sizes&quot;:[]},&quot;lazyload&quot;:&quot;yes&quot;,&quot;gallery_layout&quot;:&quot;grid&quot;,&quot;columns&quot;:4,&quot;columns_tablet&quot;:2,&quot;columns_mobile&quot;:1,&quot;gap_tablet&quot;:{&quot;unit&quot;:&quot;px&quot;,&quot;size&quot;:10,&quot;sizes&quot;:[]},&quot;gap_mobile&quot;:{&quot;unit&quot;:&quot;px&quot;,&quot;size&quot;:10,&quot;sizes&quot;:[]},&quot;link_to&quot;:&quot;file&quot;,&quot;aspect_ratio&quot;:&quot;3:2&quot;,&quot;overlay_background&quot;:&quot;yes&quot;,&quot;content_hover_animation&quot;:&quot;fade-in&quot;}\" data-widget_type=\"gallery.default\">\n\t\t\t\t<div class=\"elementor-widget-container\">\n\t\t\t\t\t\t\t<div class=\"elementor-gallery__container\">\n\t\t\t\t\t\t\t<a class=\"e-gallery-item elementor-gallery-item elementor-animated-content\" href=\"https:\/\/boso.estaciondiseno.es\/wp-content\/uploads\/2025\/10\/DSC5086-scaled.jpg\" data-elementor-open-lightbox=\"yes\" data-elementor-lightbox-slideshow=\"10ee20e\" data-elementor-lightbox-title=\"_DSC5086\" data-e-action-hash=\"#elementor-action%3Aaction%3Dlightbox%26settings%3DeyJpZCI6MTI5LCJ1cmwiOiJodHRwczpcL1wvYm9zby5lc3RhY2lvbmRpc2Vuby5lc1wvd3AtY29udGVudFwvdXBsb2Fkc1wvMjAyNVwvMTBcL0RTQzUwODYtc2NhbGVkLmpwZyIsInNsaWRlc2hvdyI6IjEwZWUyMGUifQ%3D%3D\">\n\t\t\t\t\t<div class=\"e-gallery-image elementor-gallery-item__image\" data-thumbnail=\"https:\/\/boso.estaciondiseno.es\/wp-content\/uploads\/2025\/10\/DSC5086-1366x2048.jpg\" data-width=\"1366\" data-height=\"2048\" aria-label=\"\" role=\"img\" ><\/div>\n\t\t\t\t\t\t\t\t\t\t\t<div class=\"elementor-gallery-item__overlay\"><\/div>\n\t\t\t\t\t\t\t\t\t\t\t\t\t\t<\/a>\n\t\t\t\t\t\t\t<a class=\"e-gallery-item elementor-gallery-item elementor-animated-content\" href=\"https:\/\/boso.estaciondiseno.es\/wp-content\/uploads\/2025\/10\/DSC5126-scaled.jpg\" data-elementor-open-lightbox=\"yes\" data-elementor-lightbox-slideshow=\"10ee20e\" data-elementor-lightbox-title=\"_DSC5126\" data-e-action-hash=\"#elementor-action%3Aaction%3Dlightbox%26settings%3DeyJpZCI6MTMwLCJ1cmwiOiJodHRwczpcL1wvYm9zby5lc3RhY2lvbmRpc2Vuby5lc1wvd3AtY29udGVudFwvdXBsb2Fkc1wvMjAyNVwvMTBcL0RTQzUxMjYtc2NhbGVkLmpwZyIsInNsaWRlc2hvdyI6IjEwZWUyMGUifQ%3D%3D\">\n\t\t\t\t\t<div class=\"e-gallery-image elementor-gallery-item__image\" data-thumbnail=\"https:\/\/boso.estaciondiseno.es\/wp-content\/uploads\/2025\/10\/DSC5126-1366x2048.jpg\" data-width=\"1366\" data-height=\"2048\" aria-label=\"\" role=\"img\" ><\/div>\n\t\t\t\t\t\t\t\t\t\t\t<div class=\"elementor-gallery-item__overlay\"><\/div>\n\t\t\t\t\t\t\t\t\t\t\t\t\t\t<\/a>\n\t\t\t\t\t\t\t<a class=\"e-gallery-item elementor-gallery-item elementor-animated-content\" href=\"https:\/\/boso.estaciondiseno.es\/wp-content\/uploads\/2025\/10\/@andriusart-121-scaled.jpg\" data-elementor-open-lightbox=\"yes\" data-elementor-lightbox-slideshow=\"10ee20e\" data-elementor-lightbox-title=\"@andriusart-121\" data-e-action-hash=\"#elementor-action%3Aaction%3Dlightbox%26settings%3DeyJpZCI6MTI4LCJ1cmwiOiJodHRwczpcL1wvYm9zby5lc3RhY2lvbmRpc2Vuby5lc1wvd3AtY29udGVudFwvdXBsb2Fkc1wvMjAyNVwvMTBcL0BhbmRyaXVzYXJ0LTEyMS1zY2FsZWQuanBnIiwic2xpZGVzaG93IjoiMTBlZTIwZSJ9\">\n\t\t\t\t\t<div class=\"e-gallery-image elementor-gallery-item__image\" data-thumbnail=\"https:\/\/boso.estaciondiseno.es\/wp-content\/uploads\/2025\/10\/@andriusart-121-1365x2048.jpg\" data-width=\"1365\" data-height=\"2048\" aria-label=\"\" role=\"img\" ><\/div>\n\t\t\t\t\t\t\t\t\t\t\t<div class=\"elementor-gallery-item__overlay\"><\/div>\n\t\t\t\t\t\t\t\t\t\t\t\t\t\t<\/a>\n\t\t\t\t\t\t\t<a class=\"e-gallery-item elementor-gallery-item elementor-animated-content\" href=\"https:\/\/boso.estaciondiseno.es\/wp-content\/uploads\/2025\/10\/IMG_8787-scaled.jpg\" data-elementor-open-lightbox=\"yes\" data-elementor-lightbox-slideshow=\"10ee20e\" data-elementor-lightbox-title=\"IMG_8787\" data-e-action-hash=\"#elementor-action%3Aaction%3Dlightbox%26settings%3DeyJpZCI6MTM0LCJ1cmwiOiJodHRwczpcL1wvYm9zby5lc3RhY2lvbmRpc2Vuby5lc1wvd3AtY29udGVudFwvdXBsb2Fkc1wvMjAyNVwvMTBcL0lNR184Nzg3LXNjYWxlZC5qcGciLCJzbGlkZXNob3ciOiIxMGVlMjBlIn0%3D\">\n\t\t\t\t\t<div class=\"e-gallery-image elementor-gallery-item__image\" data-thumbnail=\"https:\/\/boso.estaciondiseno.es\/wp-content\/uploads\/2025\/10\/IMG_8787-1536x2048.jpg\" data-width=\"1536\" data-height=\"2048\" aria-label=\"\" role=\"img\" ><\/div>\n\t\t\t\t\t\t\t\t\t\t\t<div class=\"elementor-gallery-item__overlay\"><\/div>\n\t\t\t\t\t\t\t\t\t\t\t\t\t\t<\/a>\n\t\t\t\t\t\t\t<a class=\"e-gallery-item elementor-gallery-item elementor-animated-content\" href=\"https:\/\/boso.estaciondiseno.es\/wp-content\/uploads\/2025\/10\/IMG_8788.jpg\" data-elementor-open-lightbox=\"yes\" data-elementor-lightbox-slideshow=\"10ee20e\" data-elementor-lightbox-title=\"IMG_8788\" data-e-action-hash=\"#elementor-action%3Aaction%3Dlightbox%26settings%3DeyJpZCI6MTM1LCJ1cmwiOiJodHRwczpcL1wvYm9zby5lc3RhY2lvbmRpc2Vuby5lc1wvd3AtY29udGVudFwvdXBsb2Fkc1wvMjAyNVwvMTBcL0lNR184Nzg4LmpwZyIsInNsaWRlc2hvdyI6IjEwZWUyMGUifQ%3D%3D\">\n\t\t\t\t\t<div class=\"e-gallery-image elementor-gallery-item__image\" data-thumbnail=\"https:\/\/boso.estaciondiseno.es\/wp-content\/uploads\/2025\/10\/IMG_8788-1808x2048.jpg\" data-width=\"1808\" data-height=\"2048\" aria-label=\"\" role=\"img\" ><\/div>\n\t\t\t\t\t\t\t\t\t\t\t<div class=\"elementor-gallery-item__overlay\"><\/div>\n\t\t\t\t\t\t\t\t\t\t\t\t\t\t<\/a>\n\t\t\t\t\t\t\t<a class=\"e-gallery-item elementor-gallery-item elementor-animated-content\" href=\"https:\/\/boso.estaciondiseno.es\/wp-content\/uploads\/2026\/01\/@andriusart-28-scaled.jpg\" data-elementor-open-lightbox=\"yes\" data-elementor-lightbox-slideshow=\"10ee20e\" data-elementor-lightbox-title=\"@andriusart-28\" data-e-action-hash=\"#elementor-action%3Aaction%3Dlightbox%26settings%3DeyJpZCI6MzYwLCJ1cmwiOiJodHRwczpcL1wvYm9zby5lc3RhY2lvbmRpc2Vuby5lc1wvd3AtY29udGVudFwvdXBsb2Fkc1wvMjAyNlwvMDFcL0BhbmRyaXVzYXJ0LTI4LXNjYWxlZC5qcGciLCJzbGlkZXNob3ciOiIxMGVlMjBlIn0%3D\">\n\t\t\t\t\t<div class=\"e-gallery-image elementor-gallery-item__image\" data-thumbnail=\"https:\/\/boso.estaciondiseno.es\/wp-content\/uploads\/2026\/01\/@andriusart-28-scaled-1366x2048.jpg\" data-width=\"1366\" data-height=\"2048\" aria-label=\"\" role=\"img\" ><\/div>\n\t\t\t\t\t\t\t\t\t\t\t<div class=\"elementor-gallery-item__overlay\"><\/div>\n\t\t\t\t\t\t\t\t\t\t\t\t\t\t<\/a>\n\t\t\t\t\t\t\t<a class=\"e-gallery-item elementor-gallery-item elementor-animated-content\" href=\"https:\/\/boso.estaciondiseno.es\/wp-content\/uploads\/2026\/01\/@andriusart-62-scaled.jpg\" data-elementor-open-lightbox=\"yes\" data-elementor-lightbox-slideshow=\"10ee20e\" data-elementor-lightbox-title=\"@andriusart-62\" data-e-action-hash=\"#elementor-action%3Aaction%3Dlightbox%26settings%3DeyJpZCI6MzYxLCJ1cmwiOiJodHRwczpcL1wvYm9zby5lc3RhY2lvbmRpc2Vuby5lc1wvd3AtY29udGVudFwvdXBsb2Fkc1wvMjAyNlwvMDFcL0BhbmRyaXVzYXJ0LTYyLXNjYWxlZC5qcGciLCJzbGlkZXNob3ciOiIxMGVlMjBlIn0%3D\">\n\t\t\t\t\t<div class=\"e-gallery-image elementor-gallery-item__image\" data-thumbnail=\"https:\/\/boso.estaciondiseno.es\/wp-content\/uploads\/2026\/01\/@andriusart-62-scaled-1366x2048.jpg\" data-width=\"1366\" data-height=\"2048\" aria-label=\"\" role=\"img\" ><\/div>\n\t\t\t\t\t\t\t\t\t\t\t<div class=\"elementor-gallery-item__overlay\"><\/div>\n\t\t\t\t\t\t\t\t\t\t\t\t\t\t<\/a>\n\t\t\t\t\t\t\t<a class=\"e-gallery-item elementor-gallery-item elementor-animated-content\" href=\"https:\/\/boso.estaciondiseno.es\/wp-content\/uploads\/2026\/01\/@andriusart-77-scaled.jpg\" data-elementor-open-lightbox=\"yes\" data-elementor-lightbox-slideshow=\"10ee20e\" data-elementor-lightbox-title=\"@andriusart-77\" data-e-action-hash=\"#elementor-action%3Aaction%3Dlightbox%26settings%3DeyJpZCI6MzYyLCJ1cmwiOiJodHRwczpcL1wvYm9zby5lc3RhY2lvbmRpc2Vuby5lc1wvd3AtY29udGVudFwvdXBsb2Fkc1wvMjAyNlwvMDFcL0BhbmRyaXVzYXJ0LTc3LXNjYWxlZC5qcGciLCJzbGlkZXNob3ciOiIxMGVlMjBlIn0%3D\">\n\t\t\t\t\t<div class=\"e-gallery-image elementor-gallery-item__image\" data-thumbnail=\"https:\/\/boso.estaciondiseno.es\/wp-content\/uploads\/2026\/01\/@andriusart-77-scaled-1366x2048.jpg\" data-width=\"1366\" data-height=\"2048\" aria-label=\"\" role=\"img\" ><\/div>\n\t\t\t\t\t\t\t\t\t\t\t<div class=\"elementor-gallery-item__overlay\"><\/div>\n\t\t\t\t\t\t\t\t\t\t\t\t\t\t<\/a>\n\t\t\t\t\t<\/div>\n\t\t\t\t\t<\/div>\n\t\t\t\t<\/div>\n\t\t\t\t\t<\/div>\n\t\t<\/div>\n\t\t\t\t\t<\/div>\n\t\t<\/section>\n\t\t\t\t<section class=\"elementor-section elementor-top-section elementor-element elementor-element-95e6c20 elementor-section-boxed elementor-section-height-default elementor-section-height-default\" data-id=\"95e6c20\" data-element_type=\"section\">\n\t\t\t\t\t\t<div class=\"elementor-container elementor-column-gap-default\">\n\t\t\t\t\t<div class=\"elementor-column elementor-col-100 elementor-top-column elementor-element elementor-element-a3c4847\" data-id=\"a3c4847\" data-element_type=\"column\">\n\t\t\t<div class=\"elementor-widget-wrap elementor-element-populated\">\n\t\t\t\t\t\t<div class=\"elementor-element elementor-element-c9f9d93 elementor-widget elementor-widget-text-editor\" data-id=\"c9f9d93\" data-element_type=\"widget\" data-widget_type=\"text-editor.default\">\n\t\t\t\t<div class=\"elementor-widget-container\">\n\t\t\t\t\t\t\t\t\t<p style=\"color: rgb(255, 255, 255);\">Esta colecci\u00f3n nace del sonido y la est\u00e9tica de Yung Beef, reinterpretados a trav\u00e9s de una serie de looks que traducen su energ\u00eda y su simbolog\u00eda. El fuego funciona como emblema central, acompa\u00f1ado por una est\u00e9tica trap underground que toma forma mediante estampados tart\u00e1n, polipiel y una selecci\u00f3n de materiales que refuerzan la crudeza y el car\u00e1cter de la escena.<\/p><p style=\"color: rgb(255, 255, 255);\">El objetivo es conectar con un p\u00fablico joven que se identifica con la cultura urbana y que busca prendas capaces de destacar por actitud y presencia. Son outfits concebidos para sentirse parte del movimiento: directos, intensos y con un punto desafiante.<\/p><p style=\"color: rgb(255, 255, 255);\">La colecci\u00f3n ha sido presentada en CODE2025 y en la Pasarela Estaci\u00f3n Dise\u00f1o 2025.<\/p>\t\t\t\t\t\t\t\t<\/div>\n\t\t\t\t<\/div>\n\t\t\t\t\t<\/div>\n\t\t<\/div>\n\t\t\t\t\t<\/div>\n\t\t<\/section>\n\t\t\t\t<section class=\"elementor-section elementor-top-section elementor-element elementor-element-6c024db elementor-section-boxed elementor-section-height-default elementor-section-height-default\" data-id=\"6c024db\" data-element_type=\"section\">\n\t\t\t\t\t\t<div class=\"elementor-container elementor-column-gap-default\">\n\t\t\t\t\t<div class=\"elementor-column elementor-col-100 elementor-top-column elementor-element elementor-element-accdbba\" data-id=\"accdbba\" data-element_type=\"column\">\n\t\t\t<div class=\"elementor-widget-wrap elementor-element-populated\">\n\t\t\t\t\t\t<div class=\"elementor-element elementor-element-8709e0f elementor-widget elementor-widget-html\" data-id=\"8709e0f\" data-element_type=\"widget\" data-widget_type=\"html.default\">\n\t\t\t\t<div class=\"elementor-widget-container\">\n\t\t\t\t\t<style>\r\n  body {\r\n    cursor: none;\r\n  }\r\n\r\n  #fire-cursor-canvas {\r\n    position: fixed;\r\n    top: 0;\r\n    left: 0;\r\n    pointer-events: none;\r\n    z-index: 9999;\r\n  }\r\n<\/style>\r\n\r\n<canvas id=\"fire-cursor-canvas\"><\/canvas>\r\n\r\n<script>\r\n  const canvas = document.getElementById('fire-cursor-canvas');\r\n  const ctx = canvas.getContext('2d');\r\n\r\n  function resize() {\r\n    canvas.width = window.innerWidth;\r\n    canvas.height = window.innerHeight;\r\n  }\r\n  resize();\r\n  window.addEventListener('resize', resize);\r\n\r\n  class Particle {\r\n    constructor(x, y) {\r\n      this.x = x;\r\n      this.y = y;\r\n      this.size = Math.random() * 6 + 4;\r\n      this.speedX = (Math.random() - 0.5) * 1.5;\r\n      this.speedY = Math.random() * -2 - 1;\r\n      this.life = 60;\r\n\r\n      \/\/ \ud83d\udd35 Colores AZULES\r\n      const blue = Math.floor(Math.random() * 155 + 100);\r\n      this.color = `rgba(0, ${Math.floor(blue * 0.8)}, ${blue}, ${Math.random()})`;\r\n    }\r\n\r\n    update() {\r\n      this.x += this.speedX;\r\n      this.y += this.speedY;\r\n      this.life--;\r\n      this.size *= 0.95;\r\n    }\r\n\r\n    draw() {\r\n      const gradient = ctx.createRadialGradient(\r\n        this.x, this.y, 0,\r\n        this.x, this.y, this.size\r\n      );\r\n      gradient.addColorStop(0, 'rgba(200,220,255,0.9)');\r\n      gradient.addColorStop(0.4, this.color);\r\n      gradient.addColorStop(1, 'rgba(0,0,0,0)');\r\n      ctx.fillStyle = gradient;\r\n      ctx.beginPath();\r\n      ctx.arc(this.x, this.y, this.size, 0, Math.PI * 2);\r\n      ctx.fill();\r\n    }\r\n  }\r\n\r\n  const particles = [];\r\n  let mouseX = window.innerWidth \/ 2;\r\n  let mouseY = window.innerHeight \/ 2;\r\n\r\n  window.addEventListener('mousemove', e => {\r\n    mouseX = e.clientX;\r\n    mouseY = e.clientY;\r\n\r\n    for (let i = 0; i < 5; i++) {\r\n      particles.push(new Particle(mouseX, mouseY));\r\n    }\r\n  });\r\n\r\n  function animate() {\r\n    ctx.clearRect(0, 0, canvas.width, canvas.height);\r\n\r\n    for (let i = particles.length - 1; i >= 0; i--) {\r\n      particles[i].update();\r\n      particles[i].draw();\r\n      if (particles[i].life <= 0) {\r\n        particles.splice(i, 1);\r\n      }\r\n    }\r\n\r\n    requestAnimationFrame(animate);\r\n  }\r\n\r\n  animate();\r\n<\/script>\r\n\t\t\t\t<\/div>\n\t\t\t\t<\/div>\n\t\t\t\t\t<\/div>\n\t\t<\/div>\n\t\t\t\t\t<\/div>\n\t\t<\/section>\n\t\t\t\t<\/div>\n\t\t","protected":false},"excerpt":{"rendered":"<p>Esta colecci\u00f3n nace del sonido y la est\u00e9tica de Yung Beef, reinterpretados a trav\u00e9s de una serie de looks que traducen su energ\u00eda y su simbolog\u00eda. El fuego funciona como emblema central, acompa\u00f1ado por una est\u00e9tica trap underground que toma forma mediante estampados tart\u00e1n, polipiel y una selecci\u00f3n de materiales que refuerzan la crudeza y &hellip; <\/p>\n<p class=\"link-more\"><a href=\"https:\/\/boso.estaciondiseno.es\/index.php\/buah-sani-dei\/\" class=\"more-link\">Leer m\u00e1s<span class=\"screen-reader-text\"> \u00abBUAH SANI DEI\u00bb<\/span><\/a><\/p>\n","protected":false},"author":1,"featured_media":0,"parent":0,"menu_order":0,"comment_status":"closed","ping_status":"closed","template":"page-templates\/full-width-builder-bb.php","meta":{"footnotes":""},"class_list":["post-100","page","type-page","status-publish","hentry"],"yoast_head":"<!-- This site is optimized with the Yoast SEO Premium plugin v20.12 (Yoast SEO v20.12) - https:\/\/yoast.com\/wordpress\/plugins\/seo\/ -->\n<title>BUAH SANI DEI - Mi tienda<\/title>\n<meta name=\"robots\" content=\"index, follow, max-snippet:-1, max-image-preview:large, max-video-preview:-1\" \/>\n<link rel=\"canonical\" href=\"https:\/\/boso.estaciondiseno.es\/index.php\/buah-sani-dei\/\" \/>\n<meta property=\"og:locale\" content=\"es_ES\" \/>\n<meta property=\"og:type\" content=\"article\" \/>\n<meta property=\"og:title\" content=\"BUAH SANI DEI\" \/>\n<meta property=\"og:description\" content=\"Esta colecci\u00f3n nace del sonido y la est\u00e9tica de Yung Beef, reinterpretados a trav\u00e9s de una serie de looks que traducen su energ\u00eda y su simbolog\u00eda. El fuego funciona como emblema central, acompa\u00f1ado por una est\u00e9tica trap underground que toma forma mediante estampados tart\u00e1n, polipiel y una selecci\u00f3n de materiales que refuerzan la crudeza y &hellip; Leer m\u00e1s \u00abBUAH SANI DEI\u00bb\" \/>\n<meta property=\"og:url\" content=\"https:\/\/boso.estaciondiseno.es\/index.php\/buah-sani-dei\/\" \/>\n<meta property=\"og:site_name\" content=\"Mi tienda\" \/>\n<meta property=\"article:modified_time\" content=\"2026-01-26T08:01:32+00:00\" \/>\n<meta name=\"twitter:card\" content=\"summary_large_image\" \/>\n<meta name=\"twitter:label1\" content=\"Tiempo de lectura\" \/>\n\t<meta name=\"twitter:data1\" content=\"1 minuto\" \/>\n<script type=\"application\/ld+json\" class=\"yoast-schema-graph\">{\"@context\":\"https:\/\/schema.org\",\"@graph\":[{\"@type\":\"WebPage\",\"@id\":\"https:\/\/boso.estaciondiseno.es\/index.php\/buah-sani-dei\/\",\"url\":\"https:\/\/boso.estaciondiseno.es\/index.php\/buah-sani-dei\/\",\"name\":\"BUAH SANI DEI - Mi tienda\",\"isPartOf\":{\"@id\":\"https:\/\/boso.estaciondiseno.es\/#website\"},\"datePublished\":\"2025-10-27T08:13:11+00:00\",\"dateModified\":\"2026-01-26T08:01:32+00:00\",\"breadcrumb\":{\"@id\":\"https:\/\/boso.estaciondiseno.es\/index.php\/buah-sani-dei\/#breadcrumb\"},\"inLanguage\":\"es\",\"potentialAction\":[{\"@type\":\"ReadAction\",\"target\":[\"https:\/\/boso.estaciondiseno.es\/index.php\/buah-sani-dei\/\"]}]},{\"@type\":\"BreadcrumbList\",\"@id\":\"https:\/\/boso.estaciondiseno.es\/index.php\/buah-sani-dei\/#breadcrumb\",\"itemListElement\":[{\"@type\":\"ListItem\",\"position\":1,\"name\":\"Home\",\"item\":\"https:\/\/boso.estaciondiseno.es\/\"},{\"@type\":\"ListItem\",\"position\":2,\"name\":\"BUAH SANI DEI\"}]},{\"@type\":\"WebSite\",\"@id\":\"https:\/\/boso.estaciondiseno.es\/#website\",\"url\":\"https:\/\/boso.estaciondiseno.es\/\",\"name\":\"Mi tienda\",\"description\":\"\",\"publisher\":{\"@id\":\"https:\/\/boso.estaciondiseno.es\/#organization\"},\"potentialAction\":[{\"@type\":\"SearchAction\",\"target\":{\"@type\":\"EntryPoint\",\"urlTemplate\":\"https:\/\/boso.estaciondiseno.es\/?s={search_term_string}\"},\"query-input\":\"required name=search_term_string\"}],\"inLanguage\":\"es\"},{\"@type\":\"Organization\",\"@id\":\"https:\/\/boso.estaciondiseno.es\/#organization\",\"name\":\"Mi tienda\",\"url\":\"https:\/\/boso.estaciondiseno.es\/\",\"logo\":{\"@type\":\"ImageObject\",\"inLanguage\":\"es\",\"@id\":\"https:\/\/boso.estaciondiseno.es\/#\/schema\/logo\/image\/\",\"url\":\"https:\/\/boso.estaciondiseno.es\/wp-content\/uploads\/2025\/10\/Sin-titulo-1.png\",\"contentUrl\":\"https:\/\/boso.estaciondiseno.es\/wp-content\/uploads\/2025\/10\/Sin-titulo-1.png\",\"width\":579,\"height\":123,\"caption\":\"Mi tienda\"},\"image\":{\"@id\":\"https:\/\/boso.estaciondiseno.es\/#\/schema\/logo\/image\/\"}}]}<\/script>\n<!-- \/ Yoast SEO Premium plugin. -->","yoast_head_json":{"title":"BUAH SANI DEI - Mi tienda","robots":{"index":"index","follow":"follow","max-snippet":"max-snippet:-1","max-image-preview":"max-image-preview:large","max-video-preview":"max-video-preview:-1"},"canonical":"https:\/\/boso.estaciondiseno.es\/index.php\/buah-sani-dei\/","og_locale":"es_ES","og_type":"article","og_title":"BUAH SANI DEI","og_description":"Esta colecci\u00f3n nace del sonido y la est\u00e9tica de Yung Beef, reinterpretados a trav\u00e9s de una serie de looks que traducen su energ\u00eda y su simbolog\u00eda. El fuego funciona como emblema central, acompa\u00f1ado por una est\u00e9tica trap underground que toma forma mediante estampados tart\u00e1n, polipiel y una selecci\u00f3n de materiales que refuerzan la crudeza y &hellip; Leer m\u00e1s \u00abBUAH SANI DEI\u00bb","og_url":"https:\/\/boso.estaciondiseno.es\/index.php\/buah-sani-dei\/","og_site_name":"Mi tienda","article_modified_time":"2026-01-26T08:01:32+00:00","twitter_card":"summary_large_image","twitter_misc":{"Tiempo de lectura":"1 minuto"},"schema":{"@context":"https:\/\/schema.org","@graph":[{"@type":"WebPage","@id":"https:\/\/boso.estaciondiseno.es\/index.php\/buah-sani-dei\/","url":"https:\/\/boso.estaciondiseno.es\/index.php\/buah-sani-dei\/","name":"BUAH SANI DEI - Mi tienda","isPartOf":{"@id":"https:\/\/boso.estaciondiseno.es\/#website"},"datePublished":"2025-10-27T08:13:11+00:00","dateModified":"2026-01-26T08:01:32+00:00","breadcrumb":{"@id":"https:\/\/boso.estaciondiseno.es\/index.php\/buah-sani-dei\/#breadcrumb"},"inLanguage":"es","potentialAction":[{"@type":"ReadAction","target":["https:\/\/boso.estaciondiseno.es\/index.php\/buah-sani-dei\/"]}]},{"@type":"BreadcrumbList","@id":"https:\/\/boso.estaciondiseno.es\/index.php\/buah-sani-dei\/#breadcrumb","itemListElement":[{"@type":"ListItem","position":1,"name":"Home","item":"https:\/\/boso.estaciondiseno.es\/"},{"@type":"ListItem","position":2,"name":"BUAH SANI DEI"}]},{"@type":"WebSite","@id":"https:\/\/boso.estaciondiseno.es\/#website","url":"https:\/\/boso.estaciondiseno.es\/","name":"Mi tienda","description":"","publisher":{"@id":"https:\/\/boso.estaciondiseno.es\/#organization"},"potentialAction":[{"@type":"SearchAction","target":{"@type":"EntryPoint","urlTemplate":"https:\/\/boso.estaciondiseno.es\/?s={search_term_string}"},"query-input":"required name=search_term_string"}],"inLanguage":"es"},{"@type":"Organization","@id":"https:\/\/boso.estaciondiseno.es\/#organization","name":"Mi tienda","url":"https:\/\/boso.estaciondiseno.es\/","logo":{"@type":"ImageObject","inLanguage":"es","@id":"https:\/\/boso.estaciondiseno.es\/#\/schema\/logo\/image\/","url":"https:\/\/boso.estaciondiseno.es\/wp-content\/uploads\/2025\/10\/Sin-titulo-1.png","contentUrl":"https:\/\/boso.estaciondiseno.es\/wp-content\/uploads\/2025\/10\/Sin-titulo-1.png","width":579,"height":123,"caption":"Mi tienda"},"image":{"@id":"https:\/\/boso.estaciondiseno.es\/#\/schema\/logo\/image\/"}}]}},"_links":{"self":[{"href":"https:\/\/boso.estaciondiseno.es\/index.php\/wp-json\/wp\/v2\/pages\/100","targetHints":{"allow":["GET"]}}],"collection":[{"href":"https:\/\/boso.estaciondiseno.es\/index.php\/wp-json\/wp\/v2\/pages"}],"about":[{"href":"https:\/\/boso.estaciondiseno.es\/index.php\/wp-json\/wp\/v2\/types\/page"}],"author":[{"embeddable":true,"href":"https:\/\/boso.estaciondiseno.es\/index.php\/wp-json\/wp\/v2\/users\/1"}],"replies":[{"embeddable":true,"href":"https:\/\/boso.estaciondiseno.es\/index.php\/wp-json\/wp\/v2\/comments?post=100"}],"version-history":[{"count":28,"href":"https:\/\/boso.estaciondiseno.es\/index.php\/wp-json\/wp\/v2\/pages\/100\/revisions"}],"predecessor-version":[{"id":540,"href":"https:\/\/boso.estaciondiseno.es\/index.php\/wp-json\/wp\/v2\/pages\/100\/revisions\/540"}],"wp:attachment":[{"href":"https:\/\/boso.estaciondiseno.es\/index.php\/wp-json\/wp\/v2\/media?parent=100"}],"curies":[{"name":"wp","href":"https:\/\/api.w.org\/{rel}","templated":true}]}}