{"id":95,"date":"2025-10-27T08:12:27","date_gmt":"2025-10-27T08:12:27","guid":{"rendered":"https:\/\/boso.estaciondiseno.es\/?page_id=95"},"modified":"2026-01-26T08:05:05","modified_gmt":"2026-01-26T08:05:05","slug":"flamenca","status":"publish","type":"page","link":"https:\/\/boso.estaciondiseno.es\/index.php\/flamenca\/","title":{"rendered":"TABLAO RAVERO"},"content":{"rendered":"\t\t<div data-elementor-type=\"wp-page\" data-elementor-id=\"95\" class=\"elementor elementor-95\" data-elementor-post-type=\"page\">\n\t\t\t\t\t\t<section class=\"elementor-section elementor-top-section elementor-element elementor-element-b0abcdc elementor-section-full_width elementor-section-height-default elementor-section-height-default\" data-id=\"b0abcdc\" data-element_type=\"section\" data-settings=\"{&quot;background_background&quot;:&quot;classic&quot;}\">\n\t\t\t\t\t\t<div class=\"elementor-container elementor-column-gap-default\">\n\t\t\t\t\t<div class=\"elementor-column elementor-col-100 elementor-top-column elementor-element elementor-element-48155dd\" data-id=\"48155dd\" data-element_type=\"column\">\n\t\t\t<div class=\"elementor-widget-wrap elementor-element-populated\">\n\t\t\t\t\t\t<div class=\"elementor-element elementor-element-d3eb1f5 elementor-widget elementor-widget-gallery\" data-id=\"d3eb1f5\" data-element_type=\"widget\" data-settings=\"{&quot;lazyload&quot;:&quot;yes&quot;,&quot;gallery_layout&quot;:&quot;grid&quot;,&quot;columns&quot;:4,&quot;columns_tablet&quot;:2,&quot;columns_mobile&quot;:1,&quot;gap&quot;:{&quot;unit&quot;:&quot;px&quot;,&quot;size&quot;:10,&quot;sizes&quot;:[]},&quot;gap_tablet&quot;:{&quot;unit&quot;:&quot;px&quot;,&quot;size&quot;:10,&quot;sizes&quot;:[]},&quot;gap_mobile&quot;:{&quot;unit&quot;:&quot;px&quot;,&quot;size&quot;:10,&quot;sizes&quot;:[]},&quot;link_to&quot;:&quot;file&quot;,&quot;aspect_ratio&quot;:&quot;3:2&quot;,&quot;overlay_background&quot;:&quot;yes&quot;,&quot;content_hover_animation&quot;:&quot;fade-in&quot;}\" data-widget_type=\"gallery.default\">\n\t\t\t\t<div class=\"elementor-widget-container\">\n\t\t\t\t\t\t\t<div class=\"elementor-gallery__container\">\n\t\t\t\t\t\t\t<a class=\"e-gallery-item elementor-gallery-item elementor-animated-content\" href=\"https:\/\/boso.estaciondiseno.es\/wp-content\/uploads\/2025\/10\/WhatsApp-Image-2025-09-11-at-17.23.51.jpeg\" data-elementor-open-lightbox=\"yes\" data-elementor-lightbox-slideshow=\"d3eb1f5\" data-elementor-lightbox-title=\"WhatsApp Image 2025-09-11 at 17.23.51\" data-e-action-hash=\"#elementor-action%3Aaction%3Dlightbox%26settings%3DeyJpZCI6MTE5LCJ1cmwiOiJodHRwczpcL1wvYm9zby5lc3RhY2lvbmRpc2Vuby5lc1wvd3AtY29udGVudFwvdXBsb2Fkc1wvMjAyNVwvMTBcL1doYXRzQXBwLUltYWdlLTIwMjUtMDktMTEtYXQtMTcuMjMuNTEuanBlZyIsInNsaWRlc2hvdyI6ImQzZWIxZjUifQ%3D%3D\">\n\t\t\t\t\t<div class=\"e-gallery-image elementor-gallery-item__image\" data-thumbnail=\"https:\/\/boso.estaciondiseno.es\/wp-content\/uploads\/2025\/10\/WhatsApp-Image-2025-09-11-at-17.23.51.jpeg\" data-width=\"1366\" data-height=\"2048\" aria-label=\"\" role=\"img\" ><\/div>\n\t\t\t\t\t\t\t\t\t\t\t<div class=\"elementor-gallery-item__overlay\"><\/div>\n\t\t\t\t\t\t\t\t\t\t\t\t\t\t<\/a>\n\t\t\t\t\t\t\t<a class=\"e-gallery-item elementor-gallery-item elementor-animated-content\" href=\"https:\/\/boso.estaciondiseno.es\/wp-content\/uploads\/2025\/10\/WhatsApp-Image-2025-09-10-at-18.09.32.jpeg\" data-elementor-open-lightbox=\"yes\" data-elementor-lightbox-slideshow=\"d3eb1f5\" data-elementor-lightbox-title=\"WhatsApp Image 2025-09-10 at 18.09.32\" data-e-action-hash=\"#elementor-action%3Aaction%3Dlightbox%26settings%3DeyJpZCI6MTIwLCJ1cmwiOiJodHRwczpcL1wvYm9zby5lc3RhY2lvbmRpc2Vuby5lc1wvd3AtY29udGVudFwvdXBsb2Fkc1wvMjAyNVwvMTBcL1doYXRzQXBwLUltYWdlLTIwMjUtMDktMTAtYXQtMTguMDkuMzIuanBlZyIsInNsaWRlc2hvdyI6ImQzZWIxZjUifQ%3D%3D\">\n\t\t\t\t\t<div class=\"e-gallery-image elementor-gallery-item__image\" data-thumbnail=\"https:\/\/boso.estaciondiseno.es\/wp-content\/uploads\/2025\/10\/WhatsApp-Image-2025-09-10-at-18.09.32.jpeg\" data-width=\"1536\" data-height=\"2048\" aria-label=\"\" role=\"img\" ><\/div>\n\t\t\t\t\t\t\t\t\t\t\t<div class=\"elementor-gallery-item__overlay\"><\/div>\n\t\t\t\t\t\t\t\t\t\t\t\t\t\t<\/a>\n\t\t\t\t\t\t\t<a class=\"e-gallery-item elementor-gallery-item elementor-animated-content\" href=\"https:\/\/boso.estaciondiseno.es\/wp-content\/uploads\/2025\/10\/WhatsApp-Image-2025-09-10-at-18.09.33.jpeg\" data-elementor-open-lightbox=\"yes\" data-elementor-lightbox-slideshow=\"d3eb1f5\" data-elementor-lightbox-title=\"WhatsApp Image 2025-09-10 at 18.09.33\" data-e-action-hash=\"#elementor-action%3Aaction%3Dlightbox%26settings%3DeyJpZCI6MTIxLCJ1cmwiOiJodHRwczpcL1wvYm9zby5lc3RhY2lvbmRpc2Vuby5lc1wvd3AtY29udGVudFwvdXBsb2Fkc1wvMjAyNVwvMTBcL1doYXRzQXBwLUltYWdlLTIwMjUtMDktMTAtYXQtMTguMDkuMzMuanBlZyIsInNsaWRlc2hvdyI6ImQzZWIxZjUifQ%3D%3D\">\n\t\t\t\t\t<div class=\"e-gallery-image elementor-gallery-item__image\" data-thumbnail=\"https:\/\/boso.estaciondiseno.es\/wp-content\/uploads\/2025\/10\/WhatsApp-Image-2025-09-10-at-18.09.33.jpeg\" data-width=\"1536\" data-height=\"2048\" aria-label=\"\" role=\"img\" ><\/div>\n\t\t\t\t\t\t\t\t\t\t\t<div class=\"elementor-gallery-item__overlay\"><\/div>\n\t\t\t\t\t\t\t\t\t\t\t\t\t\t<\/a>\n\t\t\t\t\t\t\t<a class=\"e-gallery-item elementor-gallery-item elementor-animated-content\" href=\"https:\/\/boso.estaciondiseno.es\/wp-content\/uploads\/2025\/10\/@andriusart-85-scaled.jpg\" data-elementor-open-lightbox=\"yes\" data-elementor-lightbox-slideshow=\"d3eb1f5\" data-elementor-lightbox-title=\"@andriusart-85\" data-e-action-hash=\"#elementor-action%3Aaction%3Dlightbox%26settings%3DeyJpZCI6MTIyLCJ1cmwiOiJodHRwczpcL1wvYm9zby5lc3RhY2lvbmRpc2Vuby5lc1wvd3AtY29udGVudFwvdXBsb2Fkc1wvMjAyNVwvMTBcL0BhbmRyaXVzYXJ0LTg1LXNjYWxlZC5qcGciLCJzbGlkZXNob3ciOiJkM2ViMWY1In0%3D\">\n\t\t\t\t\t<div class=\"e-gallery-image elementor-gallery-item__image\" data-thumbnail=\"https:\/\/boso.estaciondiseno.es\/wp-content\/uploads\/2025\/10\/@andriusart-85-1365x2048.jpg\" data-width=\"1365\" data-height=\"2048\" aria-label=\"\" role=\"img\" ><\/div>\n\t\t\t\t\t\t\t\t\t\t\t<div class=\"elementor-gallery-item__overlay\"><\/div>\n\t\t\t\t\t\t\t\t\t\t\t\t\t\t<\/a>\n\t\t\t\t\t\t\t<a class=\"e-gallery-item elementor-gallery-item elementor-animated-content\" href=\"https:\/\/boso.estaciondiseno.es\/wp-content\/uploads\/2026\/01\/@andriusart-16-1-scaled.jpg\" data-elementor-open-lightbox=\"yes\" data-elementor-lightbox-slideshow=\"d3eb1f5\" data-elementor-lightbox-title=\"@andriusart-16\" data-e-action-hash=\"#elementor-action%3Aaction%3Dlightbox%26settings%3DeyJpZCI6MzczLCJ1cmwiOiJodHRwczpcL1wvYm9zby5lc3RhY2lvbmRpc2Vuby5lc1wvd3AtY29udGVudFwvdXBsb2Fkc1wvMjAyNlwvMDFcL0BhbmRyaXVzYXJ0LTE2LTEtc2NhbGVkLmpwZyIsInNsaWRlc2hvdyI6ImQzZWIxZjUifQ%3D%3D\">\n\t\t\t\t\t<div class=\"e-gallery-image elementor-gallery-item__image\" data-thumbnail=\"https:\/\/boso.estaciondiseno.es\/wp-content\/uploads\/2026\/01\/@andriusart-16-1-scaled-1366x2048.jpg\" data-width=\"1366\" data-height=\"2048\" aria-label=\"\" role=\"img\" ><\/div>\n\t\t\t\t\t\t\t\t\t\t\t<div class=\"elementor-gallery-item__overlay\"><\/div>\n\t\t\t\t\t\t\t\t\t\t\t\t\t\t<\/a>\n\t\t\t\t\t\t\t<a class=\"e-gallery-item elementor-gallery-item elementor-animated-content\" href=\"https:\/\/boso.estaciondiseno.es\/wp-content\/uploads\/2026\/01\/@andriusart-17-scaled.jpg\" data-elementor-open-lightbox=\"yes\" data-elementor-lightbox-slideshow=\"d3eb1f5\" data-elementor-lightbox-title=\"@andriusart-17\" data-e-action-hash=\"#elementor-action%3Aaction%3Dlightbox%26settings%3DeyJpZCI6Mzc0LCJ1cmwiOiJodHRwczpcL1wvYm9zby5lc3RhY2lvbmRpc2Vuby5lc1wvd3AtY29udGVudFwvdXBsb2Fkc1wvMjAyNlwvMDFcL0BhbmRyaXVzYXJ0LTE3LXNjYWxlZC5qcGciLCJzbGlkZXNob3ciOiJkM2ViMWY1In0%3D\">\n\t\t\t\t\t<div class=\"e-gallery-image elementor-gallery-item__image\" data-thumbnail=\"https:\/\/boso.estaciondiseno.es\/wp-content\/uploads\/2026\/01\/@andriusart-17-scaled-1366x2048.jpg\" data-width=\"1366\" data-height=\"2048\" aria-label=\"\" role=\"img\" ><\/div>\n\t\t\t\t\t\t\t\t\t\t\t<div class=\"elementor-gallery-item__overlay\"><\/div>\n\t\t\t\t\t\t\t\t\t\t\t\t\t\t<\/a>\n\t\t\t\t\t\t\t<a class=\"e-gallery-item elementor-gallery-item elementor-animated-content\" href=\"https:\/\/boso.estaciondiseno.es\/wp-content\/uploads\/2026\/01\/@andriusart-83-scaled.jpg\" data-elementor-open-lightbox=\"yes\" data-elementor-lightbox-slideshow=\"d3eb1f5\" data-elementor-lightbox-title=\"@andriusart-83\" data-e-action-hash=\"#elementor-action%3Aaction%3Dlightbox%26settings%3DeyJpZCI6Mzc1LCJ1cmwiOiJodHRwczpcL1wvYm9zby5lc3RhY2lvbmRpc2Vuby5lc1wvd3AtY29udGVudFwvdXBsb2Fkc1wvMjAyNlwvMDFcL0BhbmRyaXVzYXJ0LTgzLXNjYWxlZC5qcGciLCJzbGlkZXNob3ciOiJkM2ViMWY1In0%3D\">\n\t\t\t\t\t<div class=\"e-gallery-image elementor-gallery-item__image\" data-thumbnail=\"https:\/\/boso.estaciondiseno.es\/wp-content\/uploads\/2026\/01\/@andriusart-83-scaled-1366x2048.jpg\" data-width=\"1366\" data-height=\"2048\" aria-label=\"\" role=\"img\" ><\/div>\n\t\t\t\t\t\t\t\t\t\t\t<div class=\"elementor-gallery-item__overlay\"><\/div>\n\t\t\t\t\t\t\t\t\t\t\t\t\t\t<\/a>\n\t\t\t\t\t\t\t<a class=\"e-gallery-item elementor-gallery-item elementor-animated-content\" href=\"https:\/\/boso.estaciondiseno.es\/wp-content\/uploads\/2026\/01\/2e6f9fd4-bc40-4df9-b0be-256453365ffd-scaled.jpeg\" data-elementor-open-lightbox=\"yes\" data-elementor-lightbox-slideshow=\"d3eb1f5\" data-elementor-lightbox-title=\"2e6f9fd4-bc40-4df9-b0be-256453365ffd\" data-e-action-hash=\"#elementor-action%3Aaction%3Dlightbox%26settings%3DeyJpZCI6NTA1LCJ1cmwiOiJodHRwczpcL1wvYm9zby5lc3RhY2lvbmRpc2Vuby5lc1wvd3AtY29udGVudFwvdXBsb2Fkc1wvMjAyNlwvMDFcLzJlNmY5ZmQ0LWJjNDAtNGRmOS1iMGJlLTI1NjQ1MzM2NWZmZC1zY2FsZWQuanBlZyIsInNsaWRlc2hvdyI6ImQzZWIxZjUifQ%3D%3D\">\n\t\t\t\t\t<div class=\"e-gallery-image elementor-gallery-item__image\" data-thumbnail=\"https:\/\/boso.estaciondiseno.es\/wp-content\/uploads\/2026\/01\/2e6f9fd4-bc40-4df9-b0be-256453365ffd-scaled-1536x2048.jpeg\" data-width=\"1536\" data-height=\"2048\" aria-label=\"\" role=\"img\" ><\/div>\n\t\t\t\t\t\t\t\t\t\t\t<div class=\"elementor-gallery-item__overlay\"><\/div>\n\t\t\t\t\t\t\t\t\t\t\t\t\t\t<\/a>\n\t\t\t\t\t<\/div>\n\t\t\t\t\t<\/div>\n\t\t\t\t<\/div>\n\t\t\t\t\t<\/div>\n\t\t<\/div>\n\t\t\t\t\t<\/div>\n\t\t<\/section>\n\t\t\t\t<section class=\"elementor-section elementor-top-section elementor-element elementor-element-ed94578 elementor-section-boxed elementor-section-height-default elementor-section-height-default\" data-id=\"ed94578\" data-element_type=\"section\">\n\t\t\t\t\t\t<div class=\"elementor-container elementor-column-gap-default\">\n\t\t\t\t\t<div class=\"elementor-column elementor-col-100 elementor-top-column elementor-element elementor-element-b1a4895\" data-id=\"b1a4895\" data-element_type=\"column\">\n\t\t\t<div class=\"elementor-widget-wrap elementor-element-populated\">\n\t\t\t\t\t\t<div class=\"elementor-element elementor-element-d840f01 elementor-widget elementor-widget-text-editor\" data-id=\"d840f01\" data-element_type=\"widget\" data-widget_type=\"text-editor.default\">\n\t\t\t\t<div class=\"elementor-widget-container\">\n\t\t\t\t\t\t\t\t\t<p>Este look plantea un di\u00e1logo intenso entre la cultura rave y la tradici\u00f3n flamenca, dos mundos que, aunque aparentemente opuestos, comparten una misma pulsi\u00f3n: la expresi\u00f3n visceral del cuerpo en movimiento. La silueta parte de una base cl\u00e1sica, pero pronto se retuerce hacia una est\u00e9tica experimental y nocturna.<\/p><p>El cors\u00e9 con p\u00faas se ha creado a partir de resina aplicada sobre una pieza de gasa, moldeada directamente sobre el maniqu\u00ed para dar forma a cada pincho. El mant\u00f3n, dise\u00f1ado \u00edntegramente por m\u00ed, propone un motivo tribal inspirado en un patio andaluz en llamas. La falda canastera plateada alude al universo industrial y \u00e1spero del techno, y junto con las cadenas del estilismo y la rosa met\u00e1lica en la cabeza, construye un conjunto agresivo, seguro y lleno de car\u00e1cter.<\/p><p>Este vestido ha sido presentado en diversas pasarelas, entre ellas Pasarela Flamenca Granada, Serrallo Style, MILNOFF y Pasarela Flamenca Armilla.<\/p>\t\t\t\t\t\t\t\t<\/div>\n\t\t\t\t<\/div>\n\t\t\t\t\t<\/div>\n\t\t<\/div>\n\t\t\t\t\t<\/div>\n\t\t<\/section>\n\t\t\t\t<section class=\"elementor-section elementor-top-section elementor-element elementor-element-d5fd9e5 elementor-section-boxed elementor-section-height-default elementor-section-height-default\" data-id=\"d5fd9e5\" data-element_type=\"section\">\n\t\t\t\t\t\t<div class=\"elementor-container elementor-column-gap-default\">\n\t\t\t\t\t<div class=\"elementor-column elementor-col-100 elementor-top-column elementor-element elementor-element-9b5c838\" data-id=\"9b5c838\" data-element_type=\"column\">\n\t\t\t<div class=\"elementor-widget-wrap elementor-element-populated\">\n\t\t\t\t\t\t<div class=\"elementor-element elementor-element-a587588 elementor-widget elementor-widget-html\" data-id=\"a587588\" data-element_type=\"widget\" data-widget_type=\"html.default\">\n\t\t\t\t<div class=\"elementor-widget-container\">\n\t\t\t\t\t<style>\r\n  body {\r\n    cursor: none;\r\n  }\r\n\r\n  #fire-cursor-canvas {\r\n    position: fixed;\r\n    top: 0;\r\n    left: 0;\r\n    pointer-events: none;\r\n    z-index: 9999;\r\n  }\r\n<\/style>\r\n\r\n<canvas id=\"fire-cursor-canvas\"><\/canvas>\r\n\r\n<script>\r\n  const canvas = document.getElementById('fire-cursor-canvas');\r\n  const ctx = canvas.getContext('2d');\r\n\r\n  function resize() {\r\n    canvas.width = window.innerWidth;\r\n    canvas.height = window.innerHeight;\r\n  }\r\n  resize();\r\n  window.addEventListener('resize', resize);\r\n\r\n  class Particle {\r\n    constructor(x, y) {\r\n      this.x = x;\r\n      this.y = y;\r\n      this.size = Math.random() * 6 + 4;\r\n      this.speedX = (Math.random() - 0.5) * 1.5;\r\n      this.speedY = Math.random() * -2 - 1;\r\n      this.life = 60;\r\n\r\n      \/\/ \ud83d\udd34 ROJO OSCURO\r\n      const red = Math.floor(Math.random() * 120 + 100);\r\n      const dark = Math.floor(Math.random() * 40);\r\n      this.color = `rgba(${red}, ${dark}, ${dark}, ${Math.random()})`;\r\n    }\r\n\r\n    update() {\r\n      this.x += this.speedX;\r\n      this.y += this.speedY;\r\n      this.life--;\r\n      this.size *= 0.95;\r\n    }\r\n\r\n    draw() {\r\n      const gradient = ctx.createRadialGradient(\r\n        this.x, this.y, 0,\r\n        this.x, this.y, this.size\r\n      );\r\n      gradient.addColorStop(0, 'rgba(255,180,180,0.85)');\r\n      gradient.addColorStop(0.4, this.color);\r\n      gradient.addColorStop(1, 'rgba(0,0,0,0)');\r\n      ctx.fillStyle = gradient;\r\n      ctx.beginPath();\r\n      ctx.arc(this.x, this.y, this.size, 0, Math.PI * 2);\r\n      ctx.fill();\r\n    }\r\n  }\r\n\r\n  const particles = [];\r\n  let mouseX = window.innerWidth \/ 2;\r\n  let mouseY = window.innerHeight \/ 2;\r\n\r\n  window.addEventListener('mousemove', e => {\r\n    mouseX = e.clientX;\r\n    mouseY = e.clientY;\r\n\r\n    for (let i = 0; i < 5; i++) {\r\n      particles.push(new Particle(mouseX, mouseY));\r\n    }\r\n  });\r\n\r\n  function animate() {\r\n    ctx.clearRect(0, 0, canvas.width, canvas.height);\r\n\r\n    for (let i = particles.length - 1; i >= 0; i--) {\r\n      particles[i].update();\r\n      particles[i].draw();\r\n      if (particles[i].life <= 0) {\r\n        particles.splice(i, 1);\r\n      }\r\n    }\r\n\r\n    requestAnimationFrame(animate);\r\n  }\r\n\r\n  animate();\r\n<\/script>\r\n\t\t\t\t<\/div>\n\t\t\t\t<\/div>\n\t\t\t\t\t<\/div>\n\t\t<\/div>\n\t\t\t\t\t<\/div>\n\t\t<\/section>\n\t\t\t\t<\/div>\n\t\t","protected":false},"excerpt":{"rendered":"<p>Este look plantea un di\u00e1logo intenso entre la cultura rave y la tradici\u00f3n flamenca, dos mundos que, aunque aparentemente opuestos, comparten una misma pulsi\u00f3n: la expresi\u00f3n visceral del cuerpo en movimiento. La silueta parte de una base cl\u00e1sica, pero pronto se retuerce hacia una est\u00e9tica experimental y nocturna. El cors\u00e9 con p\u00faas se ha creado &hellip; <\/p>\n<p class=\"link-more\"><a href=\"https:\/\/boso.estaciondiseno.es\/index.php\/flamenca\/\" class=\"more-link\">Leer m\u00e1s<span class=\"screen-reader-text\"> \u00abTABLAO RAVERO\u00bb<\/span><\/a><\/p>\n","protected":false},"author":1,"featured_media":0,"parent":0,"menu_order":0,"comment_status":"closed","ping_status":"closed","template":"page-templates\/full-width-builder-bb.php","meta":{"footnotes":""},"class_list":["post-95","page","type-page","status-publish","hentry"],"yoast_head":"<!-- This site is optimized with the Yoast SEO Premium plugin v20.12 (Yoast SEO v20.12) - https:\/\/yoast.com\/wordpress\/plugins\/seo\/ -->\n<title>TABLAO RAVERO - Mi tienda<\/title>\n<meta name=\"robots\" content=\"index, follow, max-snippet:-1, max-image-preview:large, max-video-preview:-1\" \/>\n<link rel=\"canonical\" href=\"https:\/\/boso.estaciondiseno.es\/index.php\/flamenca\/\" \/>\n<meta property=\"og:locale\" content=\"es_ES\" \/>\n<meta property=\"og:type\" content=\"article\" \/>\n<meta property=\"og:title\" content=\"TABLAO RAVERO\" \/>\n<meta property=\"og:description\" content=\"Este look plantea un di\u00e1logo intenso entre la cultura rave y la tradici\u00f3n flamenca, dos mundos que, aunque aparentemente opuestos, comparten una misma pulsi\u00f3n: la expresi\u00f3n visceral del cuerpo en movimiento. La silueta parte de una base cl\u00e1sica, pero pronto se retuerce hacia una est\u00e9tica experimental y nocturna. El cors\u00e9 con p\u00faas se ha creado &hellip; Leer m\u00e1s \u00abTABLAO RAVERO\u00bb\" \/>\n<meta property=\"og:url\" content=\"https:\/\/boso.estaciondiseno.es\/index.php\/flamenca\/\" \/>\n<meta property=\"og:site_name\" content=\"Mi tienda\" \/>\n<meta property=\"article:modified_time\" content=\"2026-01-26T08:05:05+00:00\" \/>\n<meta name=\"twitter:card\" content=\"summary_large_image\" \/>\n<meta name=\"twitter:label1\" content=\"Tiempo de lectura\" \/>\n\t<meta name=\"twitter:data1\" content=\"1 minuto\" \/>\n<script type=\"application\/ld+json\" class=\"yoast-schema-graph\">{\"@context\":\"https:\/\/schema.org\",\"@graph\":[{\"@type\":\"WebPage\",\"@id\":\"https:\/\/boso.estaciondiseno.es\/index.php\/flamenca\/\",\"url\":\"https:\/\/boso.estaciondiseno.es\/index.php\/flamenca\/\",\"name\":\"TABLAO RAVERO - Mi tienda\",\"isPartOf\":{\"@id\":\"https:\/\/boso.estaciondiseno.es\/#website\"},\"datePublished\":\"2025-10-27T08:12:27+00:00\",\"dateModified\":\"2026-01-26T08:05:05+00:00\",\"breadcrumb\":{\"@id\":\"https:\/\/boso.estaciondiseno.es\/index.php\/flamenca\/#breadcrumb\"},\"inLanguage\":\"es\",\"potentialAction\":[{\"@type\":\"ReadAction\",\"target\":[\"https:\/\/boso.estaciondiseno.es\/index.php\/flamenca\/\"]}]},{\"@type\":\"BreadcrumbList\",\"@id\":\"https:\/\/boso.estaciondiseno.es\/index.php\/flamenca\/#breadcrumb\",\"itemListElement\":[{\"@type\":\"ListItem\",\"position\":1,\"name\":\"Home\",\"item\":\"https:\/\/boso.estaciondiseno.es\/\"},{\"@type\":\"ListItem\",\"position\":2,\"name\":\"TABLAO RAVERO\"}]},{\"@type\":\"WebSite\",\"@id\":\"https:\/\/boso.estaciondiseno.es\/#website\",\"url\":\"https:\/\/boso.estaciondiseno.es\/\",\"name\":\"Mi tienda\",\"description\":\"\",\"publisher\":{\"@id\":\"https:\/\/boso.estaciondiseno.es\/#organization\"},\"potentialAction\":[{\"@type\":\"SearchAction\",\"target\":{\"@type\":\"EntryPoint\",\"urlTemplate\":\"https:\/\/boso.estaciondiseno.es\/?s={search_term_string}\"},\"query-input\":\"required name=search_term_string\"}],\"inLanguage\":\"es\"},{\"@type\":\"Organization\",\"@id\":\"https:\/\/boso.estaciondiseno.es\/#organization\",\"name\":\"Mi tienda\",\"url\":\"https:\/\/boso.estaciondiseno.es\/\",\"logo\":{\"@type\":\"ImageObject\",\"inLanguage\":\"es\",\"@id\":\"https:\/\/boso.estaciondiseno.es\/#\/schema\/logo\/image\/\",\"url\":\"https:\/\/boso.estaciondiseno.es\/wp-content\/uploads\/2025\/10\/Sin-titulo-1.png\",\"contentUrl\":\"https:\/\/boso.estaciondiseno.es\/wp-content\/uploads\/2025\/10\/Sin-titulo-1.png\",\"width\":579,\"height\":123,\"caption\":\"Mi tienda\"},\"image\":{\"@id\":\"https:\/\/boso.estaciondiseno.es\/#\/schema\/logo\/image\/\"}}]}<\/script>\n<!-- \/ Yoast SEO Premium plugin. -->","yoast_head_json":{"title":"TABLAO RAVERO - Mi tienda","robots":{"index":"index","follow":"follow","max-snippet":"max-snippet:-1","max-image-preview":"max-image-preview:large","max-video-preview":"max-video-preview:-1"},"canonical":"https:\/\/boso.estaciondiseno.es\/index.php\/flamenca\/","og_locale":"es_ES","og_type":"article","og_title":"TABLAO RAVERO","og_description":"Este look plantea un di\u00e1logo intenso entre la cultura rave y la tradici\u00f3n flamenca, dos mundos que, aunque aparentemente opuestos, comparten una misma pulsi\u00f3n: la expresi\u00f3n visceral del cuerpo en movimiento. La silueta parte de una base cl\u00e1sica, pero pronto se retuerce hacia una est\u00e9tica experimental y nocturna. El cors\u00e9 con p\u00faas se ha creado &hellip; Leer m\u00e1s \u00abTABLAO RAVERO\u00bb","og_url":"https:\/\/boso.estaciondiseno.es\/index.php\/flamenca\/","og_site_name":"Mi tienda","article_modified_time":"2026-01-26T08:05:05+00:00","twitter_card":"summary_large_image","twitter_misc":{"Tiempo de lectura":"1 minuto"},"schema":{"@context":"https:\/\/schema.org","@graph":[{"@type":"WebPage","@id":"https:\/\/boso.estaciondiseno.es\/index.php\/flamenca\/","url":"https:\/\/boso.estaciondiseno.es\/index.php\/flamenca\/","name":"TABLAO RAVERO - Mi tienda","isPartOf":{"@id":"https:\/\/boso.estaciondiseno.es\/#website"},"datePublished":"2025-10-27T08:12:27+00:00","dateModified":"2026-01-26T08:05:05+00:00","breadcrumb":{"@id":"https:\/\/boso.estaciondiseno.es\/index.php\/flamenca\/#breadcrumb"},"inLanguage":"es","potentialAction":[{"@type":"ReadAction","target":["https:\/\/boso.estaciondiseno.es\/index.php\/flamenca\/"]}]},{"@type":"BreadcrumbList","@id":"https:\/\/boso.estaciondiseno.es\/index.php\/flamenca\/#breadcrumb","itemListElement":[{"@type":"ListItem","position":1,"name":"Home","item":"https:\/\/boso.estaciondiseno.es\/"},{"@type":"ListItem","position":2,"name":"TABLAO RAVERO"}]},{"@type":"WebSite","@id":"https:\/\/boso.estaciondiseno.es\/#website","url":"https:\/\/boso.estaciondiseno.es\/","name":"Mi tienda","description":"","publisher":{"@id":"https:\/\/boso.estaciondiseno.es\/#organization"},"potentialAction":[{"@type":"SearchAction","target":{"@type":"EntryPoint","urlTemplate":"https:\/\/boso.estaciondiseno.es\/?s={search_term_string}"},"query-input":"required name=search_term_string"}],"inLanguage":"es"},{"@type":"Organization","@id":"https:\/\/boso.estaciondiseno.es\/#organization","name":"Mi tienda","url":"https:\/\/boso.estaciondiseno.es\/","logo":{"@type":"ImageObject","inLanguage":"es","@id":"https:\/\/boso.estaciondiseno.es\/#\/schema\/logo\/image\/","url":"https:\/\/boso.estaciondiseno.es\/wp-content\/uploads\/2025\/10\/Sin-titulo-1.png","contentUrl":"https:\/\/boso.estaciondiseno.es\/wp-content\/uploads\/2025\/10\/Sin-titulo-1.png","width":579,"height":123,"caption":"Mi tienda"},"image":{"@id":"https:\/\/boso.estaciondiseno.es\/#\/schema\/logo\/image\/"}}]}},"_links":{"self":[{"href":"https:\/\/boso.estaciondiseno.es\/index.php\/wp-json\/wp\/v2\/pages\/95","targetHints":{"allow":["GET"]}}],"collection":[{"href":"https:\/\/boso.estaciondiseno.es\/index.php\/wp-json\/wp\/v2\/pages"}],"about":[{"href":"https:\/\/boso.estaciondiseno.es\/index.php\/wp-json\/wp\/v2\/types\/page"}],"author":[{"embeddable":true,"href":"https:\/\/boso.estaciondiseno.es\/index.php\/wp-json\/wp\/v2\/users\/1"}],"replies":[{"embeddable":true,"href":"https:\/\/boso.estaciondiseno.es\/index.php\/wp-json\/wp\/v2\/comments?post=95"}],"version-history":[{"count":23,"href":"https:\/\/boso.estaciondiseno.es\/index.php\/wp-json\/wp\/v2\/pages\/95\/revisions"}],"predecessor-version":[{"id":550,"href":"https:\/\/boso.estaciondiseno.es\/index.php\/wp-json\/wp\/v2\/pages\/95\/revisions\/550"}],"wp:attachment":[{"href":"https:\/\/boso.estaciondiseno.es\/index.php\/wp-json\/wp\/v2\/media?parent=95"}],"curies":[{"name":"wp","href":"https:\/\/api.w.org\/{rel}","templated":true}]}}